{"id":77,"date":"2020-02-25T15:35:40","date_gmt":"2020-02-25T14:35:40","guid":{"rendered":"https:\/\/gite-du-misfon.fr\/?page_id=77"},"modified":"2023-11-28T14:47:35","modified_gmt":"2023-11-28T12:47:35","slug":"prestations-detaillees-du-gite","status":"publish","type":"page","link":"https:\/\/gite-du-misfon.fr\/index.php\/prestations-detaillees-du-gite\/","title":{"rendered":"Prestations d\u00e9taill\u00e9es du g\u00eete du Misfon (\u00e0 proximit\u00e9 de La Fl\u00e8che)"},"content":{"rendered":"<p><script type=\"text\/javascript\" src=\"\/\/gadget.open-system.fr\/widgets-libs\/rel\/noyau-1.0.min.js\"><\/script><br \/>\n<script type=\"text\/javascript\">\n( function() {\n\tvar widgetProduit = AllianceReseaux.Widget.Instance( \"Produit\", { idPanier:\"8x3y8_M\", idIntegration:946, langue:\"fr\", ui:\"OSMB-118377\" } );\n\twidgetProduit.Initialise();\n})();\n<\/script><\/p>\n<div id=\"widget-produit-OSMB-118377\"><\/div>\n\n\n\n<p class=\"has-text-align-center has-medium-font-size\"><img loading=\"lazy\" decoding=\"async\" width=\"18\" height=\"18\" class=\"wp-image-155\" style=\"width: 18px;\" src=\"https:\/\/gite-du-misfon.fr\/wp-content\/uploads\/2020\/02\/puce.png\" alt=\"\"> <strong>La Grande Maison<\/strong><\/p>\n\n\n\n<p class=\"has-text-align-center\"> La maison est le b\u00e2timent principal. Elle est constitu\u00e9e de la cuisine totalement am\u00e9nag\u00e9e dans le style <span style=\"color:#000000\" class=\"tadv-color\">vintage ann\u00e9es 70<\/span> avec un \u00e9quipement moderne. Vous y trouverez tout l&rsquo;\u00e9quipement (\u00e9lectrom\u00e9nager, vaisselle&#8230;) n\u00e9cessaire.<br>Vous aurez acc\u00e8s au <span style=\"color:#fcb900\" class=\"tadv-color\">salon <\/span>face \u00e0 une <span style=\"color:#fcb900\" class=\"tadv-color\">chemin\u00e9e <\/span>parfaitement fonctionnelle \u00e0 foyer ouvert, ainsi qu&rsquo;\u00e0 la <span style=\"color:#fcb900\" class=\"tadv-color\">salle \u00e0 manger<\/span> qui peut accueillir <span style=\"color:#fcb900\" class=\"tadv-color\">12 personnes<\/span>. Laissez-vous s\u00e9duire par la grande terrasse d&rsquo;o\u00f9 vous contemplerez le parc et l&rsquo;\u00e9tang aux carpes. <br><span style=\"color:#fcb900\" class=\"tadv-color\">Trois chambres doubles<\/span> se trouvent \u00e9galement dans la maison, et sont \u00e9quip\u00e9es de grands placards et penderies. <br>Enfin, la <span style=\"color:#fcb900\" class=\"tadv-color\">salle de bain<\/span>, dont la majeure partie de la d\u00e9co a \u00e9t\u00e9 conserv\u00e9e, est constitu\u00e9e d&rsquo;une baignoire et d&rsquo;une douche \u00e0 l&rsquo;italienne. Les WC sont ind\u00e9pendants.<\/p>\n\n\n\n<figure class=\"wp-block-gallery aligncenter has-nested-images columns-3 wp-block-gallery-1 is-layout-flex wp-block-gallery-is-layout-flex\">\n<figure class=\"wp-block-image size-large\"><img loading=\"lazy\" decoding=\"async\" width=\"1024\" height=\"707\" data-id=\"538\" src=\"https:\/\/gite-du-misfon.fr\/wp-content\/uploads\/2021\/07\/Image2-5-1024x707.png\" alt=\"\" class=\"wp-image-538\" srcset=\"https:\/\/gite-du-misfon.fr\/wp-content\/uploads\/2021\/07\/Image2-5-1024x707.png 1024w, https:\/\/gite-du-misfon.fr\/wp-content\/uploads\/2021\/07\/Image2-5-300x207.png 300w, https:\/\/gite-du-misfon.fr\/wp-content\/uploads\/2021\/07\/Image2-5-768x530.png 768w, https:\/\/gite-du-misfon.fr\/wp-content\/uploads\/2021\/07\/Image2-5-1536x1060.png 1536w, https:\/\/gite-du-misfon.fr\/wp-content\/uploads\/2021\/07\/Image2-5.png 1636w\" sizes=\"auto, (max-width: 1024px) 100vw, 1024px\" \/><\/figure>\n\n\n\n<figure class=\"wp-block-image size-large\"><img loading=\"lazy\" decoding=\"async\" width=\"1024\" height=\"707\" data-id=\"539\" src=\"https:\/\/gite-du-misfon.fr\/wp-content\/uploads\/2021\/07\/Image13-2-1024x707.png\" alt=\"\" class=\"wp-image-539\" srcset=\"https:\/\/gite-du-misfon.fr\/wp-content\/uploads\/2021\/07\/Image13-2-1024x707.png 1024w, https:\/\/gite-du-misfon.fr\/wp-content\/uploads\/2021\/07\/Image13-2-300x207.png 300w, https:\/\/gite-du-misfon.fr\/wp-content\/uploads\/2021\/07\/Image13-2-768x530.png 768w, https:\/\/gite-du-misfon.fr\/wp-content\/uploads\/2021\/07\/Image13-2-1536x1060.png 1536w, https:\/\/gite-du-misfon.fr\/wp-content\/uploads\/2021\/07\/Image13-2.png 1636w\" sizes=\"auto, (max-width: 1024px) 100vw, 1024px\" \/><\/figure>\n\n\n\n<figure class=\"wp-block-image size-large\"><img loading=\"lazy\" decoding=\"async\" width=\"1024\" height=\"707\" data-id=\"540\" src=\"https:\/\/gite-du-misfon.fr\/wp-content\/uploads\/2021\/07\/Image4-1-1024x707.png\" alt=\"\" class=\"wp-image-540\" srcset=\"https:\/\/gite-du-misfon.fr\/wp-content\/uploads\/2021\/07\/Image4-1-1024x707.png 1024w, https:\/\/gite-du-misfon.fr\/wp-content\/uploads\/2021\/07\/Image4-1-300x207.png 300w, https:\/\/gite-du-misfon.fr\/wp-content\/uploads\/2021\/07\/Image4-1-768x530.png 768w, https:\/\/gite-du-misfon.fr\/wp-content\/uploads\/2021\/07\/Image4-1-1536x1060.png 1536w, https:\/\/gite-du-misfon.fr\/wp-content\/uploads\/2021\/07\/Image4-1.png 1636w\" sizes=\"auto, (max-width: 1024px) 100vw, 1024px\" \/><\/figure>\n<\/figure>\n\n\n\n<div class=\"wp-block-group\"><div class=\"wp-block-group__inner-container is-layout-flow wp-block-group-is-layout-flow\">\n<div class=\"wp-block-group\"><div class=\"wp-block-group__inner-container is-layout-flow wp-block-group-is-layout-flow\"><\/div><\/div>\n<\/div><\/div>\n\n\n\n<p class=\"has-text-align-center has-medium-font-size\"><img loading=\"lazy\" decoding=\"async\" width=\"18\" height=\"18\" class=\"wp-image-155\" style=\"width: 18px;\" src=\"https:\/\/gite-du-misfon.fr\/wp-content\/uploads\/2020\/02\/puce.png\" alt=\"\"> <strong>L&rsquo;annexe<\/strong><\/p>\n\n\n\n<p class=\"has-text-align-center\">A quelques pas de la Grande Maison, et toujours devant l&rsquo;\u00e9tang, se trouve un ensemble ind\u00e9pendant de <span style=\"color:#fcb900\" class=\"tadv-color\">trois chambres doubles<\/span> avec, pour chacune d&rsquo;elles, une <span style=\"color:#fcb900\" class=\"tadv-color\">salle d&rsquo;eau<\/span> avec <span style=\"color:#fcb900\" class=\"tadv-color\">douche \u00e0 l&rsquo;italienne<\/span> et <span style=\"color:#fcb900\" class=\"tadv-color\">toilettes<\/span>. Vous resterez dans une ambiance vintage tout en conservant votre confort et votre intimit\u00e9. Le petit plus ? Toujours la vue sur le parc et l&rsquo;\u00e9tang !<\/p>\n\n\n\n<figure class=\"wp-block-gallery aligncenter has-nested-images columns-3 wp-block-gallery-2 is-layout-flex wp-block-gallery-is-layout-flex\">\n<figure class=\"wp-block-image size-large\"><img loading=\"lazy\" decoding=\"async\" width=\"1024\" height=\"712\" data-id=\"535\" src=\"https:\/\/gite-du-misfon.fr\/wp-content\/uploads\/2021\/07\/Image24-1024x712.png\" alt=\"\" class=\"wp-image-535\" srcset=\"https:\/\/gite-du-misfon.fr\/wp-content\/uploads\/2021\/07\/Image24-1024x712.png 1024w, https:\/\/gite-du-misfon.fr\/wp-content\/uploads\/2021\/07\/Image24-300x209.png 300w, https:\/\/gite-du-misfon.fr\/wp-content\/uploads\/2021\/07\/Image24-768x534.png 768w, https:\/\/gite-du-misfon.fr\/wp-content\/uploads\/2021\/07\/Image24-1536x1069.png 1536w, https:\/\/gite-du-misfon.fr\/wp-content\/uploads\/2021\/07\/Image24-2048x1425.png 2048w\" sizes=\"auto, (max-width: 1024px) 100vw, 1024px\" \/><\/figure>\n\n\n\n<figure class=\"wp-block-image size-large\"><img loading=\"lazy\" decoding=\"async\" width=\"1024\" height=\"707\" data-id=\"531\" src=\"https:\/\/gite-du-misfon.fr\/wp-content\/uploads\/2021\/07\/Image9-1024x707.png\" alt=\"\" class=\"wp-image-531\" srcset=\"https:\/\/gite-du-misfon.fr\/wp-content\/uploads\/2021\/07\/Image9-1024x707.png 1024w, https:\/\/gite-du-misfon.fr\/wp-content\/uploads\/2021\/07\/Image9-300x207.png 300w, https:\/\/gite-du-misfon.fr\/wp-content\/uploads\/2021\/07\/Image9-768x530.png 768w, https:\/\/gite-du-misfon.fr\/wp-content\/uploads\/2021\/07\/Image9-1536x1060.png 1536w, https:\/\/gite-du-misfon.fr\/wp-content\/uploads\/2021\/07\/Image9.png 1636w\" sizes=\"auto, (max-width: 1024px) 100vw, 1024px\" \/><\/figure>\n\n\n\n<figure class=\"wp-block-image size-large\"><img loading=\"lazy\" decoding=\"async\" width=\"1024\" height=\"707\" data-id=\"530\" src=\"https:\/\/gite-du-misfon.fr\/wp-content\/uploads\/2021\/07\/Image10-1024x707.png\" alt=\"\" class=\"wp-image-530\" srcset=\"https:\/\/gite-du-misfon.fr\/wp-content\/uploads\/2021\/07\/Image10-1024x707.png 1024w, https:\/\/gite-du-misfon.fr\/wp-content\/uploads\/2021\/07\/Image10-300x207.png 300w, https:\/\/gite-du-misfon.fr\/wp-content\/uploads\/2021\/07\/Image10-768x530.png 768w, https:\/\/gite-du-misfon.fr\/wp-content\/uploads\/2021\/07\/Image10-1536x1060.png 1536w, https:\/\/gite-du-misfon.fr\/wp-content\/uploads\/2021\/07\/Image10.png 1636w\" sizes=\"auto, (max-width: 1024px) 100vw, 1024px\" \/><\/figure>\n<\/figure>\n\n\n\n<div class=\"wp-block-group\"><div class=\"wp-block-group__inner-container is-layout-flow wp-block-group-is-layout-flow\">\n<p class=\"has-text-align-center has-medium-font-size\"><img loading=\"lazy\" decoding=\"async\" width=\"18\" height=\"18\" class=\"wp-image-155\" style=\"width: 18px;\" src=\"https:\/\/gite-du-misfon.fr\/wp-content\/uploads\/2020\/02\/puce.png\" alt=\"\"> <strong>Des options sont \u00e0 votre disposition<\/strong><\/p>\n\n\n\n<p><img loading=\"lazy\" decoding=\"async\" width=\"18\" height=\"18\" class=\"wp-image-155\" style=\"width: 18px;\" src=\"https:\/\/gite-du-misfon.fr\/wp-content\/uploads\/2020\/02\/puce.png\" alt=\"\"> V\u00e9los \u00e0 disposition<br><img loading=\"lazy\" decoding=\"async\" width=\"18\" height=\"18\" class=\"wp-image-155\" style=\"width: 18px;\" src=\"https:\/\/gite-du-misfon.fr\/wp-content\/uploads\/2020\/02\/puce.png\" alt=\"\"> Location \u00e9quipement, tables, chaises, d\u00e9co pour \u00e9v\u00e8nements ou mariages<br><img loading=\"lazy\" decoding=\"async\" width=\"18\" height=\"18\" class=\"wp-image-155\" style=\"width: 18px;\" src=\"https:\/\/gite-du-misfon.fr\/wp-content\/uploads\/2020\/02\/puce.png\" alt=\"\"> Livraison de plateau repas (simple ou gastronomique)<\/p>\n<\/div><\/div>\n\n\n\n<figure class=\"wp-block-gallery aligncenter has-nested-images columns-2 wp-block-gallery-3 is-layout-flex wp-block-gallery-is-layout-flex\">\n<figure class=\"wp-block-image size-medium\"><img loading=\"lazy\" decoding=\"async\" width=\"300\" height=\"209\" data-id=\"534\" src=\"https:\/\/gite-du-misfon.fr\/wp-content\/uploads\/2021\/07\/Image22-300x209.png\" alt=\"\" class=\"wp-image-534\" srcset=\"https:\/\/gite-du-misfon.fr\/wp-content\/uploads\/2021\/07\/Image22-300x209.png 300w, https:\/\/gite-du-misfon.fr\/wp-content\/uploads\/2021\/07\/Image22-1024x712.png 1024w, https:\/\/gite-du-misfon.fr\/wp-content\/uploads\/2021\/07\/Image22-768x534.png 768w, https:\/\/gite-du-misfon.fr\/wp-content\/uploads\/2021\/07\/Image22-1536x1069.png 1536w, https:\/\/gite-du-misfon.fr\/wp-content\/uploads\/2021\/07\/Image22-2048x1425.png 2048w\" sizes=\"auto, (max-width: 300px) 100vw, 300px\" \/><\/figure>\n\n\n\n<figure class=\"wp-block-image size-medium\"><img loading=\"lazy\" decoding=\"async\" width=\"300\" height=\"216\" data-id=\"533\" src=\"https:\/\/gite-du-misfon.fr\/wp-content\/uploads\/2021\/07\/Image21-300x216.png\" alt=\"\" class=\"wp-image-533\" srcset=\"https:\/\/gite-du-misfon.fr\/wp-content\/uploads\/2021\/07\/Image21-300x216.png 300w, https:\/\/gite-du-misfon.fr\/wp-content\/uploads\/2021\/07\/Image21-1024x737.png 1024w, https:\/\/gite-du-misfon.fr\/wp-content\/uploads\/2021\/07\/Image21-768x552.png 768w, https:\/\/gite-du-misfon.fr\/wp-content\/uploads\/2021\/07\/Image21-1536x1105.png 1536w, https:\/\/gite-du-misfon.fr\/wp-content\/uploads\/2021\/07\/Image21.png 1821w\" sizes=\"auto, (max-width: 300px) 100vw, 300px\" \/><\/figure>\n<\/figure>\n\n\n","protected":false},"excerpt":{"rendered":"<p>La Grande Maison La maison est le b\u00e2timent principal. Elle est constitu\u00e9e de la cuisine totalement am\u00e9nag\u00e9e dans le style&hellip;<\/p>\n","protected":false},"author":1,"featured_media":0,"parent":0,"menu_order":0,"comment_status":"closed","ping_status":"closed","template":"","meta":{"footnotes":""},"class_list":["post-77","page","type-page","status-publish","hentry"],"yoast_head":"<!-- This site is optimized with the Yoast SEO plugin v27.5 - https:\/\/yoast.com\/product\/yoast-seo-wordpress\/ -->\n<title>Prestations d\u00e9taill\u00e9es du g\u00eete du Misfon (\u00e0 proximit\u00e9 de La Fl\u00e8che) - G\u00eete du Misfon<\/title>\n<meta name=\"description\" content=\"Le G\u00eete du Misfon (\u00e0 proximit\u00e9 de La Fl\u00e8che - Sarthe) comprend une maison principale et une annexe (6 chambres). La d\u00e9coration est 100% vintage, ann\u00e9es 70.\" \/>\n<meta name=\"robots\" content=\"index, follow, max-snippet:-1, max-image-preview:large, max-video-preview:-1\" \/>\n<link rel=\"canonical\" href=\"https:\/\/gite-du-misfon.fr\/index.php\/prestations-detaillees-du-gite\/\" \/>\n<meta property=\"og:locale\" content=\"fr_FR\" \/>\n<meta property=\"og:type\" content=\"article\" \/>\n<meta property=\"og:title\" content=\"Prestations d\u00e9taill\u00e9es du g\u00eete du Misfon (\u00e0 proximit\u00e9 de La Fl\u00e8che) - G\u00eete du Misfon\" \/>\n<meta property=\"og:description\" content=\"Le G\u00eete du Misfon (\u00e0 proximit\u00e9 de La Fl\u00e8che - Sarthe) comprend une maison principale et une annexe (6 chambres). La d\u00e9coration est 100% vintage, ann\u00e9es 70.\" \/>\n<meta property=\"og:url\" content=\"https:\/\/gite-du-misfon.fr\/index.php\/prestations-detaillees-du-gite\/\" \/>\n<meta property=\"og:site_name\" content=\"G\u00eete du Misfon\" \/>\n<meta property=\"article:modified_time\" content=\"2023-11-28T12:47:35+00:00\" \/>\n<meta property=\"og:image\" content=\"https:\/\/gite-du-misfon.fr\/wp-content\/uploads\/2020\/02\/puce.png\" \/>\n<meta name=\"twitter:card\" content=\"summary_large_image\" \/>\n<meta name=\"twitter:label1\" content=\"Dur\u00e9e de lecture estim\u00e9e\" \/>\n\t<meta name=\"twitter:data1\" content=\"4 minutes\" \/>\n<script type=\"application\/ld+json\" class=\"yoast-schema-graph\">{\"@context\":\"https:\\\/\\\/schema.org\",\"@graph\":[{\"@type\":\"WebPage\",\"@id\":\"https:\\\/\\\/gite-du-misfon.fr\\\/index.php\\\/prestations-detaillees-du-gite\\\/\",\"url\":\"https:\\\/\\\/gite-du-misfon.fr\\\/index.php\\\/prestations-detaillees-du-gite\\\/\",\"name\":\"Prestations d\u00e9taill\u00e9es du g\u00eete du Misfon (\u00e0 proximit\u00e9 de La Fl\u00e8che) - G\u00eete du Misfon\",\"isPartOf\":{\"@id\":\"https:\\\/\\\/gite-du-misfon.fr\\\/#website\"},\"primaryImageOfPage\":{\"@id\":\"https:\\\/\\\/gite-du-misfon.fr\\\/index.php\\\/prestations-detaillees-du-gite\\\/#primaryimage\"},\"image\":{\"@id\":\"https:\\\/\\\/gite-du-misfon.fr\\\/index.php\\\/prestations-detaillees-du-gite\\\/#primaryimage\"},\"thumbnailUrl\":\"https:\\\/\\\/gite-du-misfon.fr\\\/wp-content\\\/uploads\\\/2020\\\/02\\\/puce.png\",\"datePublished\":\"2020-02-25T14:35:40+00:00\",\"dateModified\":\"2023-11-28T12:47:35+00:00\",\"description\":\"Le G\u00eete du Misfon (\u00e0 proximit\u00e9 de La Fl\u00e8che - Sarthe) comprend une maison principale et une annexe (6 chambres). La d\u00e9coration est 100% vintage, ann\u00e9es 70.\",\"breadcrumb\":{\"@id\":\"https:\\\/\\\/gite-du-misfon.fr\\\/index.php\\\/prestations-detaillees-du-gite\\\/#breadcrumb\"},\"inLanguage\":\"fr-FR\",\"potentialAction\":[{\"@type\":\"ReadAction\",\"target\":[\"https:\\\/\\\/gite-du-misfon.fr\\\/index.php\\\/prestations-detaillees-du-gite\\\/\"]}]},{\"@type\":\"ImageObject\",\"inLanguage\":\"fr-FR\",\"@id\":\"https:\\\/\\\/gite-du-misfon.fr\\\/index.php\\\/prestations-detaillees-du-gite\\\/#primaryimage\",\"url\":\"https:\\\/\\\/gite-du-misfon.fr\\\/wp-content\\\/uploads\\\/2020\\\/02\\\/puce.png\",\"contentUrl\":\"https:\\\/\\\/gite-du-misfon.fr\\\/wp-content\\\/uploads\\\/2020\\\/02\\\/puce.png\",\"width\":18,\"height\":18},{\"@type\":\"BreadcrumbList\",\"@id\":\"https:\\\/\\\/gite-du-misfon.fr\\\/index.php\\\/prestations-detaillees-du-gite\\\/#breadcrumb\",\"itemListElement\":[{\"@type\":\"ListItem\",\"position\":1,\"name\":\"Home\",\"item\":\"https:\\\/\\\/gite-du-misfon.fr\\\/\"},{\"@type\":\"ListItem\",\"position\":2,\"name\":\"Prestations d\u00e9taill\u00e9es du g\u00eete du Misfon (\u00e0 proximit\u00e9 de La Fl\u00e8che)\"}]},{\"@type\":\"WebSite\",\"@id\":\"https:\\\/\\\/gite-du-misfon.fr\\\/#website\",\"url\":\"https:\\\/\\\/gite-du-misfon.fr\\\/\",\"name\":\"G\u00eete du Misfon\",\"description\":\"h\u00e9bergements insolites\",\"potentialAction\":[{\"@type\":\"SearchAction\",\"target\":{\"@type\":\"EntryPoint\",\"urlTemplate\":\"https:\\\/\\\/gite-du-misfon.fr\\\/?s={search_term_string}\"},\"query-input\":{\"@type\":\"PropertyValueSpecification\",\"valueRequired\":true,\"valueName\":\"search_term_string\"}}],\"inLanguage\":\"fr-FR\"}]}<\/script>\n<!-- \/ Yoast SEO plugin. -->","yoast_head_json":{"title":"Prestations d\u00e9taill\u00e9es du g\u00eete du Misfon (\u00e0 proximit\u00e9 de La Fl\u00e8che) - G\u00eete du Misfon","description":"Le G\u00eete du Misfon (\u00e0 proximit\u00e9 de La Fl\u00e8che - Sarthe) comprend une maison principale et une annexe (6 chambres). La d\u00e9coration est 100% vintage, ann\u00e9es 70.","robots":{"index":"index","follow":"follow","max-snippet":"max-snippet:-1","max-image-preview":"max-image-preview:large","max-video-preview":"max-video-preview:-1"},"canonical":"https:\/\/gite-du-misfon.fr\/index.php\/prestations-detaillees-du-gite\/","og_locale":"fr_FR","og_type":"article","og_title":"Prestations d\u00e9taill\u00e9es du g\u00eete du Misfon (\u00e0 proximit\u00e9 de La Fl\u00e8che) - G\u00eete du Misfon","og_description":"Le G\u00eete du Misfon (\u00e0 proximit\u00e9 de La Fl\u00e8che - Sarthe) comprend une maison principale et une annexe (6 chambres). La d\u00e9coration est 100% vintage, ann\u00e9es 70.","og_url":"https:\/\/gite-du-misfon.fr\/index.php\/prestations-detaillees-du-gite\/","og_site_name":"G\u00eete du Misfon","article_modified_time":"2023-11-28T12:47:35+00:00","og_image":[{"url":"https:\/\/gite-du-misfon.fr\/wp-content\/uploads\/2020\/02\/puce.png","type":"","width":"","height":""}],"twitter_card":"summary_large_image","twitter_misc":{"Dur\u00e9e de lecture estim\u00e9e":"4 minutes"},"schema":{"@context":"https:\/\/schema.org","@graph":[{"@type":"WebPage","@id":"https:\/\/gite-du-misfon.fr\/index.php\/prestations-detaillees-du-gite\/","url":"https:\/\/gite-du-misfon.fr\/index.php\/prestations-detaillees-du-gite\/","name":"Prestations d\u00e9taill\u00e9es du g\u00eete du Misfon (\u00e0 proximit\u00e9 de La Fl\u00e8che) - G\u00eete du Misfon","isPartOf":{"@id":"https:\/\/gite-du-misfon.fr\/#website"},"primaryImageOfPage":{"@id":"https:\/\/gite-du-misfon.fr\/index.php\/prestations-detaillees-du-gite\/#primaryimage"},"image":{"@id":"https:\/\/gite-du-misfon.fr\/index.php\/prestations-detaillees-du-gite\/#primaryimage"},"thumbnailUrl":"https:\/\/gite-du-misfon.fr\/wp-content\/uploads\/2020\/02\/puce.png","datePublished":"2020-02-25T14:35:40+00:00","dateModified":"2023-11-28T12:47:35+00:00","description":"Le G\u00eete du Misfon (\u00e0 proximit\u00e9 de La Fl\u00e8che - Sarthe) comprend une maison principale et une annexe (6 chambres). La d\u00e9coration est 100% vintage, ann\u00e9es 70.","breadcrumb":{"@id":"https:\/\/gite-du-misfon.fr\/index.php\/prestations-detaillees-du-gite\/#breadcrumb"},"inLanguage":"fr-FR","potentialAction":[{"@type":"ReadAction","target":["https:\/\/gite-du-misfon.fr\/index.php\/prestations-detaillees-du-gite\/"]}]},{"@type":"ImageObject","inLanguage":"fr-FR","@id":"https:\/\/gite-du-misfon.fr\/index.php\/prestations-detaillees-du-gite\/#primaryimage","url":"https:\/\/gite-du-misfon.fr\/wp-content\/uploads\/2020\/02\/puce.png","contentUrl":"https:\/\/gite-du-misfon.fr\/wp-content\/uploads\/2020\/02\/puce.png","width":18,"height":18},{"@type":"BreadcrumbList","@id":"https:\/\/gite-du-misfon.fr\/index.php\/prestations-detaillees-du-gite\/#breadcrumb","itemListElement":[{"@type":"ListItem","position":1,"name":"Home","item":"https:\/\/gite-du-misfon.fr\/"},{"@type":"ListItem","position":2,"name":"Prestations d\u00e9taill\u00e9es du g\u00eete du Misfon (\u00e0 proximit\u00e9 de La Fl\u00e8che)"}]},{"@type":"WebSite","@id":"https:\/\/gite-du-misfon.fr\/#website","url":"https:\/\/gite-du-misfon.fr\/","name":"G\u00eete du Misfon","description":"h\u00e9bergements insolites","potentialAction":[{"@type":"SearchAction","target":{"@type":"EntryPoint","urlTemplate":"https:\/\/gite-du-misfon.fr\/?s={search_term_string}"},"query-input":{"@type":"PropertyValueSpecification","valueRequired":true,"valueName":"search_term_string"}}],"inLanguage":"fr-FR"}]}},"_links":{"self":[{"href":"https:\/\/gite-du-misfon.fr\/index.php\/wp-json\/wp\/v2\/pages\/77","targetHints":{"allow":["GET"]}}],"collection":[{"href":"https:\/\/gite-du-misfon.fr\/index.php\/wp-json\/wp\/v2\/pages"}],"about":[{"href":"https:\/\/gite-du-misfon.fr\/index.php\/wp-json\/wp\/v2\/types\/page"}],"author":[{"embeddable":true,"href":"https:\/\/gite-du-misfon.fr\/index.php\/wp-json\/wp\/v2\/users\/1"}],"replies":[{"embeddable":true,"href":"https:\/\/gite-du-misfon.fr\/index.php\/wp-json\/wp\/v2\/comments?post=77"}],"version-history":[{"count":38,"href":"https:\/\/gite-du-misfon.fr\/index.php\/wp-json\/wp\/v2\/pages\/77\/revisions"}],"predecessor-version":[{"id":777,"href":"https:\/\/gite-du-misfon.fr\/index.php\/wp-json\/wp\/v2\/pages\/77\/revisions\/777"}],"wp:attachment":[{"href":"https:\/\/gite-du-misfon.fr\/index.php\/wp-json\/wp\/v2\/media?parent=77"}],"curies":[{"name":"wp","href":"https:\/\/api.w.org\/{rel}","templated":true}]}}