{"id":756,"date":"2023-11-28T12:56:49","date_gmt":"2023-11-28T10:56:49","guid":{"rendered":"https:\/\/gite-du-misfon.fr\/?page_id=756"},"modified":"2023-11-28T14:16:37","modified_gmt":"2023-11-28T12:16:37","slug":"reservations","status":"publish","type":"page","link":"https:\/\/gite-du-misfon.fr\/index.php\/reservations\/","title":{"rendered":"R\u00e9servations"},"content":{"rendered":"<p><script type=\"text\/javascript\" src=\"\/\/gadget.open-system.fr\/widgets-libs\/rel\/noyau-1.0.min.js\"><\/script><br \/>\n<script type=\"text\/javascript\">\n( function() {\n\tvar widgetProduit = AllianceReseaux.Widget.Instance( \"Produit\", { idPanier:\"8x3y8_M\", idIntegration:946, langue:\"fr\", ui:\"OSMB-118377\" } );\n\twidgetProduit.Initialise();\n})();\n<\/script><\/p>\n<div id=\"widget-produit-OSMB-118377\"><\/div>\n\n\n\n<h2 class=\"wp-block-heading\">Disponibilit\u00e9s<\/h2>\n\n\n<p><script type=\"text\/javascript\" src=\"\/\/gadget.open-system.fr\/widgets-libs\/rel\/noyau-1.0.min.js\"><\/script><br \/>\n<script type=\"text\/javascript\">\n( function() {\n\tvar widgetProduit = AllianceReseaux.Widget.Instance( \"Produit\", { idPanier:\"8x3y8_M\", idIntegration:946, langue:\"fr\", ui:\"OSMB-118377-1\" } );\n\twidgetProduit.Initialise();\n})();\n<\/script><\/p>\n<div id=\"widget-produit-OSMB-118377-1\"><\/div>\n\n\n\n<h2 class=\"wp-block-heading\">Panier<\/h2>\n\n\n<p><script type=\"text\/javascript\" src=\"\/\/gadget.open-system.fr\/widgets-libs\/rel\/noyau-1.0.min.js\"><\/script><\/code><br \/>\n<script type=\"text\/javascript\" >\n( function() {\nvar widgetPanier = AllianceReseaux.Widget.Instance( \"Panier\", { idPanier:\"ZZZZZ\", idIntegration:000, langue:\"fr\" } );\nwidgetPanier.Initialise();\n})();\n<\/script><\/p>\n<div id=\"widget-panier\"><\/div>\n","protected":false},"excerpt":{"rendered":"<p>Disponibilit\u00e9s Panier<\/p>\n","protected":false},"author":1,"featured_media":0,"parent":0,"menu_order":0,"comment_status":"closed","ping_status":"closed","template":"","meta":{"footnotes":""},"class_list":["post-756","page","type-page","status-publish","hentry"],"yoast_head":"<!-- This site is optimized with the Yoast SEO plugin v27.4 - https:\/\/yoast.com\/product\/yoast-seo-wordpress\/ -->\n<title>R\u00e9servations - G\u00eete du Misfon<\/title>\n<meta name=\"robots\" content=\"index, follow, max-snippet:-1, max-image-preview:large, max-video-preview:-1\" \/>\n<link rel=\"canonical\" href=\"https:\/\/gite-du-misfon.fr\/index.php\/reservations\/\" \/>\n<meta property=\"og:locale\" content=\"fr_FR\" \/>\n<meta property=\"og:type\" content=\"article\" \/>\n<meta property=\"og:title\" content=\"R\u00e9servations - G\u00eete du Misfon\" \/>\n<meta property=\"og:description\" content=\"Disponibilit\u00e9s Panier\" \/>\n<meta property=\"og:url\" content=\"https:\/\/gite-du-misfon.fr\/index.php\/reservations\/\" \/>\n<meta property=\"og:site_name\" content=\"G\u00eete du Misfon\" \/>\n<meta property=\"article:modified_time\" content=\"2023-11-28T12:16:37+00:00\" \/>\n<meta name=\"twitter:card\" content=\"summary_large_image\" \/>\n<meta name=\"twitter:label1\" content=\"Dur\u00e9e de lecture estim\u00e9e\" \/>\n\t<meta name=\"twitter:data1\" content=\"1 minute\" \/>\n<script type=\"application\/ld+json\" class=\"yoast-schema-graph\">{\"@context\":\"https:\\\/\\\/schema.org\",\"@graph\":[{\"@type\":\"WebPage\",\"@id\":\"https:\\\/\\\/gite-du-misfon.fr\\\/index.php\\\/reservations\\\/\",\"url\":\"https:\\\/\\\/gite-du-misfon.fr\\\/index.php\\\/reservations\\\/\",\"name\":\"R\u00e9servations - G\u00eete du Misfon\",\"isPartOf\":{\"@id\":\"https:\\\/\\\/gite-du-misfon.fr\\\/#website\"},\"datePublished\":\"2023-11-28T10:56:49+00:00\",\"dateModified\":\"2023-11-28T12:16:37+00:00\",\"breadcrumb\":{\"@id\":\"https:\\\/\\\/gite-du-misfon.fr\\\/index.php\\\/reservations\\\/#breadcrumb\"},\"inLanguage\":\"fr-FR\",\"potentialAction\":[{\"@type\":\"ReadAction\",\"target\":[\"https:\\\/\\\/gite-du-misfon.fr\\\/index.php\\\/reservations\\\/\"]}]},{\"@type\":\"BreadcrumbList\",\"@id\":\"https:\\\/\\\/gite-du-misfon.fr\\\/index.php\\\/reservations\\\/#breadcrumb\",\"itemListElement\":[{\"@type\":\"ListItem\",\"position\":1,\"name\":\"Home\",\"item\":\"https:\\\/\\\/gite-du-misfon.fr\\\/\"},{\"@type\":\"ListItem\",\"position\":2,\"name\":\"R\u00e9servations\"}]},{\"@type\":\"WebSite\",\"@id\":\"https:\\\/\\\/gite-du-misfon.fr\\\/#website\",\"url\":\"https:\\\/\\\/gite-du-misfon.fr\\\/\",\"name\":\"G\u00eete du Misfon\",\"description\":\"h\u00e9bergements insolites\",\"potentialAction\":[{\"@type\":\"SearchAction\",\"target\":{\"@type\":\"EntryPoint\",\"urlTemplate\":\"https:\\\/\\\/gite-du-misfon.fr\\\/?s={search_term_string}\"},\"query-input\":{\"@type\":\"PropertyValueSpecification\",\"valueRequired\":true,\"valueName\":\"search_term_string\"}}],\"inLanguage\":\"fr-FR\"}]}<\/script>\n<!-- \/ Yoast SEO plugin. -->","yoast_head_json":{"title":"R\u00e9servations - G\u00eete du Misfon","robots":{"index":"index","follow":"follow","max-snippet":"max-snippet:-1","max-image-preview":"max-image-preview:large","max-video-preview":"max-video-preview:-1"},"canonical":"https:\/\/gite-du-misfon.fr\/index.php\/reservations\/","og_locale":"fr_FR","og_type":"article","og_title":"R\u00e9servations - G\u00eete du Misfon","og_description":"Disponibilit\u00e9s Panier","og_url":"https:\/\/gite-du-misfon.fr\/index.php\/reservations\/","og_site_name":"G\u00eete du Misfon","article_modified_time":"2023-11-28T12:16:37+00:00","twitter_card":"summary_large_image","twitter_misc":{"Dur\u00e9e de lecture estim\u00e9e":"1 minute"},"schema":{"@context":"https:\/\/schema.org","@graph":[{"@type":"WebPage","@id":"https:\/\/gite-du-misfon.fr\/index.php\/reservations\/","url":"https:\/\/gite-du-misfon.fr\/index.php\/reservations\/","name":"R\u00e9servations - G\u00eete du Misfon","isPartOf":{"@id":"https:\/\/gite-du-misfon.fr\/#website"},"datePublished":"2023-11-28T10:56:49+00:00","dateModified":"2023-11-28T12:16:37+00:00","breadcrumb":{"@id":"https:\/\/gite-du-misfon.fr\/index.php\/reservations\/#breadcrumb"},"inLanguage":"fr-FR","potentialAction":[{"@type":"ReadAction","target":["https:\/\/gite-du-misfon.fr\/index.php\/reservations\/"]}]},{"@type":"BreadcrumbList","@id":"https:\/\/gite-du-misfon.fr\/index.php\/reservations\/#breadcrumb","itemListElement":[{"@type":"ListItem","position":1,"name":"Home","item":"https:\/\/gite-du-misfon.fr\/"},{"@type":"ListItem","position":2,"name":"R\u00e9servations"}]},{"@type":"WebSite","@id":"https:\/\/gite-du-misfon.fr\/#website","url":"https:\/\/gite-du-misfon.fr\/","name":"G\u00eete du Misfon","description":"h\u00e9bergements insolites","potentialAction":[{"@type":"SearchAction","target":{"@type":"EntryPoint","urlTemplate":"https:\/\/gite-du-misfon.fr\/?s={search_term_string}"},"query-input":{"@type":"PropertyValueSpecification","valueRequired":true,"valueName":"search_term_string"}}],"inLanguage":"fr-FR"}]}},"_links":{"self":[{"href":"https:\/\/gite-du-misfon.fr\/index.php\/wp-json\/wp\/v2\/pages\/756","targetHints":{"allow":["GET"]}}],"collection":[{"href":"https:\/\/gite-du-misfon.fr\/index.php\/wp-json\/wp\/v2\/pages"}],"about":[{"href":"https:\/\/gite-du-misfon.fr\/index.php\/wp-json\/wp\/v2\/types\/page"}],"author":[{"embeddable":true,"href":"https:\/\/gite-du-misfon.fr\/index.php\/wp-json\/wp\/v2\/users\/1"}],"replies":[{"embeddable":true,"href":"https:\/\/gite-du-misfon.fr\/index.php\/wp-json\/wp\/v2\/comments?post=756"}],"version-history":[{"count":13,"href":"https:\/\/gite-du-misfon.fr\/index.php\/wp-json\/wp\/v2\/pages\/756\/revisions"}],"predecessor-version":[{"id":775,"href":"https:\/\/gite-du-misfon.fr\/index.php\/wp-json\/wp\/v2\/pages\/756\/revisions\/775"}],"wp:attachment":[{"href":"https:\/\/gite-du-misfon.fr\/index.php\/wp-json\/wp\/v2\/media?parent=756"}],"curies":[{"name":"wp","href":"https:\/\/api.w.org\/{rel}","templated":true}]}}