{"id":161,"date":"2020-02-27T16:40:58","date_gmt":"2020-02-27T15:40:58","guid":{"rendered":"https:\/\/gite-du-misfon.fr\/?page_id=161"},"modified":"2021-07-28T14:54:34","modified_gmt":"2021-07-28T12:54:34","slug":"a-voir","status":"publish","type":"page","link":"https:\/\/gite-du-misfon.fr\/index.php\/a-voir\/","title":{"rendered":"A voir et \u00e0 d\u00e9couvrir dans les environs&#8230;"},"content":{"rendered":"\n<div class=\"wp-block-columns are-vertically-aligned-center is-layout-flex wp-container-core-columns-is-layout-9d6595d7 wp-block-columns-is-layout-flex\">\n<div class=\"wp-block-column is-vertically-aligned-center is-layout-flow wp-block-column-is-layout-flow\" style=\"flex-basis:100%\">\n<table style=\"border-collapse: collapse; width: 96.3095%; height: 727px;\">\n<tbody>\n<tr style=\"height: 150px;\">\n<td style=\"width: 21.9796%; height: 150px;\"><img loading=\"lazy\" decoding=\"async\" class=\"wp-image-587 aligncenter\" src=\"https:\/\/gite-du-misfon.fr\/wp-content\/uploads\/2021\/07\/zoo-LF-300x212.png\" alt=\"\" width=\"190\" height=\"134\" srcset=\"https:\/\/gite-du-misfon.fr\/wp-content\/uploads\/2021\/07\/zoo-LF-300x212.png 300w, https:\/\/gite-du-misfon.fr\/wp-content\/uploads\/2021\/07\/zoo-LF-1024x725.png 1024w, https:\/\/gite-du-misfon.fr\/wp-content\/uploads\/2021\/07\/zoo-LF-768x544.png 768w, https:\/\/gite-du-misfon.fr\/wp-content\/uploads\/2021\/07\/zoo-LF.png 1337w\" sizes=\"auto, (max-width: 190px) 100vw, 190px\" \/><\/td>\n<td style=\"width: 28.1326%; height: 150px;\">\n<p><strong>Zoo de La Fl\u00e8che &#8211; \u00e0 15 min du G\u00eete en voiture.<\/strong><\/p>\n<p style=\"margin: 0cm; text-align: left;\">Le Tertre Rouge, 72200 La Fl\u00e8che<\/p>\n<p style=\"margin: 0cm; text-align: left;\">02 43 48 19 19<\/p>\n<\/td>\n<td style=\"width: 20.7434%; height: 150px;\"><img loading=\"lazy\" decoding=\"async\" class=\"wp-image-596 aligncenter\" src=\"https:\/\/gite-du-misfon.fr\/wp-content\/uploads\/2021\/07\/prytanee-300x212.png\" alt=\"\" width=\"190\" height=\"134\" srcset=\"https:\/\/gite-du-misfon.fr\/wp-content\/uploads\/2021\/07\/prytanee-300x212.png 300w, https:\/\/gite-du-misfon.fr\/wp-content\/uploads\/2021\/07\/prytanee-1024x725.png 1024w, https:\/\/gite-du-misfon.fr\/wp-content\/uploads\/2021\/07\/prytanee-768x544.png 768w, https:\/\/gite-du-misfon.fr\/wp-content\/uploads\/2021\/07\/prytanee.png 1337w\" sizes=\"auto, (max-width: 190px) 100vw, 190px\" \/><\/td>\n<td style=\"width: 62.0016%; height: 150px;\">\n<p style=\"margin: 0cm;\"><strong>Prytan\u00e9e National Militaire<\/strong><\/p>\n<p style=\"margin: 0cm;\">22 Rue du Coll\u00e8ge, 72200 La Fl\u00e8che<\/p>\n<p style=\"margin: 0cm;\">02 43 48 60 03<\/p>\n<\/td>\n<\/tr>\n<tr style=\"height: 138px;\">\n<td style=\"width: 21.9796%; height: 138px;\"><img loading=\"lazy\" decoding=\"async\" class=\"wp-image-588  aligncenter\" src=\"https:\/\/gite-du-misfon.fr\/wp-content\/uploads\/2021\/07\/zoo-doue-la-fontaine-300x212.png\" alt=\"\" width=\"190\" height=\"134\" srcset=\"https:\/\/gite-du-misfon.fr\/wp-content\/uploads\/2021\/07\/zoo-doue-la-fontaine-300x212.png 300w, https:\/\/gite-du-misfon.fr\/wp-content\/uploads\/2021\/07\/zoo-doue-la-fontaine-1024x725.png 1024w, https:\/\/gite-du-misfon.fr\/wp-content\/uploads\/2021\/07\/zoo-doue-la-fontaine-768x544.png 768w, https:\/\/gite-du-misfon.fr\/wp-content\/uploads\/2021\/07\/zoo-doue-la-fontaine.png 1337w\" sizes=\"auto, (max-width: 190px) 100vw, 190px\" \/><\/td>\n<td style=\"width: 28.1326%; height: 138px;\">\n<p style=\"margin: 0cm; text-align: left;\"><strong>Bioparc de Dou\u00e9 la Fontaine<\/strong><\/p>\n<p style=\"margin: 0cm; text-align: left;\">103 Rue de Cholet, 49700 Dou\u00e9-la-Fontaine<\/p>\n<p style=\"margin: 0cm; text-align: left;\">02 41 59 18 58<\/p>\n<\/td>\n<td style=\"width: 20.7434%; height: 138px;\"><img loading=\"lazy\" decoding=\"async\" class=\" wp-image-595 aligncenter\" src=\"https:\/\/gite-du-misfon.fr\/wp-content\/uploads\/2021\/07\/papea-300x212.png\" alt=\"\" width=\"189\" height=\"134\" srcset=\"https:\/\/gite-du-misfon.fr\/wp-content\/uploads\/2021\/07\/papea-300x212.png 300w, https:\/\/gite-du-misfon.fr\/wp-content\/uploads\/2021\/07\/papea-1024x725.png 1024w, https:\/\/gite-du-misfon.fr\/wp-content\/uploads\/2021\/07\/papea-768x544.png 768w, https:\/\/gite-du-misfon.fr\/wp-content\/uploads\/2021\/07\/papea.png 1337w\" sizes=\"auto, (max-width: 189px) 100vw, 189px\" \/><\/td>\n<td style=\"width: 62.0016%; height: 138px;\">\n<p style=\"margin: 0cm;\"><strong>Pap\u00e9a Parc<\/strong><\/p>\n<p style=\"margin: 0cm;\">Lieu-Dit Neptune, 72530 Yvr\u00e9-l&rsquo;\u00c9v\u00eaque<\/p>\n<p style=\"margin: 0cm;\">02 43 89 61 05<\/p>\n<\/td>\n<\/tr>\n<tr style=\"height: 23px;\">\n<td style=\"width: 21.9796%; height: 23px;\"><img loading=\"lazy\" decoding=\"async\" class=\"wp-image-589  aligncenter\" src=\"https:\/\/gite-du-misfon.fr\/wp-content\/uploads\/2021\/07\/terra-botanica-300x212.png\" alt=\"\" width=\"190\" height=\"134\" srcset=\"https:\/\/gite-du-misfon.fr\/wp-content\/uploads\/2021\/07\/terra-botanica-300x212.png 300w, https:\/\/gite-du-misfon.fr\/wp-content\/uploads\/2021\/07\/terra-botanica-1024x725.png 1024w, https:\/\/gite-du-misfon.fr\/wp-content\/uploads\/2021\/07\/terra-botanica-768x544.png 768w, https:\/\/gite-du-misfon.fr\/wp-content\/uploads\/2021\/07\/terra-botanica.png 1337w\" sizes=\"auto, (max-width: 190px) 100vw, 190px\" \/><\/td>\n<td style=\"width: 28.1326%; height: 23px;\">\n<p style=\"margin: 0cm;\"><strong>Terra Botanica<\/strong><\/p>\n<p style=\"margin: 0cm;\">Route d&rsquo;\u00c9pinard, 49000 Angers<\/p>\n<p style=\"margin: 0cm;\">02 41 25 00 00<\/p>\n<\/td>\n<td style=\"width: 20.7434%; height: 23px;\"><img loading=\"lazy\" decoding=\"async\" class=\" wp-image-593 aligncenter\" src=\"https:\/\/gite-du-misfon.fr\/wp-content\/uploads\/2021\/07\/chateau-dangers-300x212.png\" alt=\"\" width=\"190\" height=\"134\" srcset=\"https:\/\/gite-du-misfon.fr\/wp-content\/uploads\/2021\/07\/chateau-dangers-300x212.png 300w, https:\/\/gite-du-misfon.fr\/wp-content\/uploads\/2021\/07\/chateau-dangers-1024x725.png 1024w, https:\/\/gite-du-misfon.fr\/wp-content\/uploads\/2021\/07\/chateau-dangers-768x544.png 768w, https:\/\/gite-du-misfon.fr\/wp-content\/uploads\/2021\/07\/chateau-dangers.png 1337w\" sizes=\"auto, (max-width: 190px) 100vw, 190px\" \/><\/td>\n<td style=\"width: 62.0016%; height: 23px;\">\n<p style=\"margin: 0cm;\"><strong>Ch\u00e2teau d&rsquo;Angers<\/strong><\/p>\n<p style=\"margin: 0cm;\">2 Prom. du Bout du Monde, 49100 Angers<\/p>\n<p style=\"margin: 0cm;\">02 41 86 48 77<\/p>\n<\/td>\n<\/tr>\n<tr style=\"height: 45px;\">\n<td style=\"width: 21.9796%; height: 10px;\"><img loading=\"lazy\" decoding=\"async\" class=\"wp-image-590  aligncenter\" src=\"https:\/\/gite-du-misfon.fr\/wp-content\/uploads\/2021\/07\/circuit-24H-300x212.png\" alt=\"\" width=\"190\" height=\"134\" srcset=\"https:\/\/gite-du-misfon.fr\/wp-content\/uploads\/2021\/07\/circuit-24H-300x212.png 300w, https:\/\/gite-du-misfon.fr\/wp-content\/uploads\/2021\/07\/circuit-24H-1024x725.png 1024w, https:\/\/gite-du-misfon.fr\/wp-content\/uploads\/2021\/07\/circuit-24H-768x544.png 768w, https:\/\/gite-du-misfon.fr\/wp-content\/uploads\/2021\/07\/circuit-24H.png 1337w\" sizes=\"auto, (max-width: 190px) 100vw, 190px\" \/><\/td>\n<td style=\"width: 28.1326%; height: 10px;\">\n<p style=\"margin: 0cm;\"><strong>Mus\u00e9e et circuit des 24 Heure du Mans<\/strong><\/p>\n<p style=\"margin: 0cm;\">Place Luigi Chinetti, 72019 Le Mans<\/p>\n<p style=\"margin: 0cm;\">02 43 40 24 24<\/p>\n<\/td>\n<td style=\"width: 20.7434%; height: 10px;\"><img loading=\"lazy\" decoding=\"async\" class=\"wp-image-592  aligncenter\" src=\"https:\/\/gite-du-misfon.fr\/wp-content\/uploads\/2021\/07\/chateau-durtal-300x212.png\" alt=\"\" width=\"190\" height=\"134\" srcset=\"https:\/\/gite-du-misfon.fr\/wp-content\/uploads\/2021\/07\/chateau-durtal-300x212.png 300w, https:\/\/gite-du-misfon.fr\/wp-content\/uploads\/2021\/07\/chateau-durtal-1024x725.png 1024w, https:\/\/gite-du-misfon.fr\/wp-content\/uploads\/2021\/07\/chateau-durtal-768x544.png 768w, https:\/\/gite-du-misfon.fr\/wp-content\/uploads\/2021\/07\/chateau-durtal.png 1337w\" sizes=\"auto, (max-width: 190px) 100vw, 190px\" \/><\/td>\n<td style=\"width: 62.0016%; height: 10px;\">\n<p style=\"margin: 0cm;\"><strong>Ch\u00e2teau de Durtal<\/strong><\/p>\n<p style=\"margin: 0cm;\">15 Place des Terrasses, 49430 Durtal<\/p>\n<p style=\"margin: 0cm;\">02 41 69 92 60<\/p>\n<\/td>\n<\/tr>\n<tr style=\"height: 23px;\">\n<td style=\"width: 21.9796%; height: 23px;\"><img loading=\"lazy\" decoding=\"async\" class=\"wp-image-597 aligncenter\" src=\"https:\/\/gite-du-misfon.fr\/wp-content\/uploads\/2021\/07\/Image1-2-300x213.png\" alt=\"\" width=\"189\" height=\"134\" srcset=\"https:\/\/gite-du-misfon.fr\/wp-content\/uploads\/2021\/07\/Image1-2-300x213.png 300w, https:\/\/gite-du-misfon.fr\/wp-content\/uploads\/2021\/07\/Image1-2-1024x726.png 1024w, https:\/\/gite-du-misfon.fr\/wp-content\/uploads\/2021\/07\/Image1-2-768x545.png 768w, https:\/\/gite-du-misfon.fr\/wp-content\/uploads\/2021\/07\/Image1-2.png 1337w\" sizes=\"auto, (max-width: 189px) 100vw, 189px\" \/><\/td>\n<td style=\"width: 28.1326%; height: 23px;\">\u00a0\n<p style=\"margin: 0cm;\"><strong>Le Mans Classic<\/strong><\/p>\n<p style=\"margin: 0cm;\">Place Luigi Chinetti, 72019 Le Mans<\/p>\n<p style=\"margin: 0cm;\">02 43 40 24 24<\/p>\n<\/td>\n<td style=\"width: 20.7434%; height: 23px;\"><img loading=\"lazy\" decoding=\"async\" class=\" wp-image-591 aligncenter\" src=\"https:\/\/gite-du-misfon.fr\/wp-content\/uploads\/2021\/07\/chateau-bazouges-300x212.png\" alt=\"\" width=\"192\" height=\"136\" srcset=\"https:\/\/gite-du-misfon.fr\/wp-content\/uploads\/2021\/07\/chateau-bazouges-300x212.png 300w, https:\/\/gite-du-misfon.fr\/wp-content\/uploads\/2021\/07\/chateau-bazouges-1024x725.png 1024w, https:\/\/gite-du-misfon.fr\/wp-content\/uploads\/2021\/07\/chateau-bazouges-768x544.png 768w, https:\/\/gite-du-misfon.fr\/wp-content\/uploads\/2021\/07\/chateau-bazouges.png 1337w\" sizes=\"auto, (max-width: 192px) 100vw, 192px\" \/><\/td>\n<td style=\"width: 62.0016%; height: 23px;\">\n<p style=\"margin: 0cm;\"><strong>Ch\u00e2teau de Bazouges<\/strong><\/p>\n<p style=\"margin: 0cm;\">39 Rue du Ch\u00e2teau, 72200 Bazouges Cr\u00e9 sur Loir<\/p>\n<p style=\"margin: 0cm;\">02 43 45 36 85<\/p>\n<\/td>\n<\/tr>\n<tr style=\"height: 23px;\">\n<td style=\"width: 21.9796%; height: 23px;\"><img loading=\"lazy\" decoding=\"async\" class=\"wp-image-594 aligncenter\" src=\"https:\/\/gite-du-misfon.fr\/wp-content\/uploads\/2021\/07\/Musee-faience-malicorne-300x212.png\" alt=\"\" width=\"190\" height=\"134\" srcset=\"https:\/\/gite-du-misfon.fr\/wp-content\/uploads\/2021\/07\/Musee-faience-malicorne-300x212.png 300w, https:\/\/gite-du-misfon.fr\/wp-content\/uploads\/2021\/07\/Musee-faience-malicorne-1024x725.png 1024w, https:\/\/gite-du-misfon.fr\/wp-content\/uploads\/2021\/07\/Musee-faience-malicorne-768x544.png 768w, https:\/\/gite-du-misfon.fr\/wp-content\/uploads\/2021\/07\/Musee-faience-malicorne.png 1337w\" sizes=\"auto, (max-width: 190px) 100vw, 190px\" \/><\/td>\n<td style=\"width: 28.1326%; height: 23px;\">\n<p style=\"margin: 0cm;\"><strong>Mus\u00e9e de la fa\u00efence et de la c\u00e9ramique de Malicorne<\/strong><\/p>\n<p style=\"margin: 0cm;\">Rue Victor Hugo, 72270 Malicorne-sur-Sarthe<\/p>\n<p style=\"margin: 0cm;\">02 43 48 07 17<\/p>\n<\/td>\n<td style=\"width: 20.7434%; height: 23px;\">\n<p style=\"margin: 0cm;\"><strong> <img loading=\"lazy\" decoding=\"async\" class=\"alignnone size-medium wp-image-607\" src=\"https:\/\/gite-du-misfon.fr\/wp-content\/uploads\/2021\/07\/cite-plantgenet-300x213.png\" alt=\"\" width=\"300\" height=\"213\" srcset=\"https:\/\/gite-du-misfon.fr\/wp-content\/uploads\/2021\/07\/cite-plantgenet-300x213.png 300w, https:\/\/gite-du-misfon.fr\/wp-content\/uploads\/2021\/07\/cite-plantgenet-1024x726.png 1024w, https:\/\/gite-du-misfon.fr\/wp-content\/uploads\/2021\/07\/cite-plantgenet-768x545.png 768w, https:\/\/gite-du-misfon.fr\/wp-content\/uploads\/2021\/07\/cite-plantgenet.png 1337w\" sizes=\"auto, (max-width: 300px) 100vw, 300px\" \/><\/strong><\/p>\n<\/td>\n<td style=\"width: 62.0016%; height: 23px;\">\n<p style=\"margin: 0cm;\"><strong>Cit\u00e9 Plantagen\u00eat<\/strong><\/p>\n<p style=\"margin: 0cm;\">Vieux Chemin du Mans, 72100 Le Mans<\/p>\n<p style=\"margin: 0cm;\">07 55 37 28 65<\/p>\n<\/td>\n<\/tr>\n<\/tbody>\n<\/table>\n<p>\u00a0<\/p>\n<\/div>\n<\/div>\n","protected":false},"excerpt":{"rendered":"<p>Zoo de La Fl\u00e8che &#8211; \u00e0 15 min du G\u00eete en voiture. Le Tertre Rouge, 72200 La Fl\u00e8che 02 43&hellip;<\/p>\n","protected":false},"author":1,"featured_media":0,"parent":0,"menu_order":0,"comment_status":"closed","ping_status":"closed","template":"","meta":{"footnotes":""},"class_list":["post-161","page","type-page","status-publish","hentry"],"yoast_head":"<!-- This site is optimized with the Yoast SEO plugin v27.4 - https:\/\/yoast.com\/product\/yoast-seo-wordpress\/ -->\n<title>A voir et \u00e0 d\u00e9couvrir dans les environs... - G\u00eete du Misfon les choses \u00e0 voir dans les environs<\/title>\n<meta name=\"description\" content=\"Voici un r\u00e9sum\u00e9 des choses \u00e0 voir \u00e0 proximit\u00e9 du g\u00eete de Misfon, comme les mytiques 24h du Mans, ou pour les plus nostalgiques le Mans Classic...\" \/>\n<meta name=\"robots\" content=\"index, follow, max-snippet:-1, max-image-preview:large, max-video-preview:-1\" \/>\n<link rel=\"canonical\" href=\"https:\/\/gite-du-misfon.fr\/index.php\/a-voir\/\" \/>\n<meta property=\"og:locale\" content=\"fr_FR\" \/>\n<meta property=\"og:type\" content=\"article\" \/>\n<meta property=\"og:title\" content=\"A voir et \u00e0 d\u00e9couvrir dans les environs... - G\u00eete du Misfon les choses \u00e0 voir dans les environs\" \/>\n<meta property=\"og:description\" content=\"Voici un r\u00e9sum\u00e9 des choses \u00e0 voir \u00e0 proximit\u00e9 du g\u00eete de Misfon, comme les mytiques 24h du Mans, ou pour les plus nostalgiques le Mans Classic...\" \/>\n<meta property=\"og:url\" content=\"https:\/\/gite-du-misfon.fr\/index.php\/a-voir\/\" \/>\n<meta property=\"og:site_name\" content=\"G\u00eete du Misfon\" \/>\n<meta property=\"article:modified_time\" content=\"2021-07-28T12:54:34+00:00\" \/>\n<meta property=\"og:image\" content=\"https:\/\/gite-du-misfon.fr\/wp-content\/uploads\/2021\/07\/zoo-LF-300x212.png\" \/>\n<meta name=\"twitter:card\" content=\"summary_large_image\" \/>\n<meta name=\"twitter:label1\" content=\"Dur\u00e9e de lecture estim\u00e9e\" \/>\n\t<meta name=\"twitter:data1\" content=\"4 minutes\" \/>\n<script type=\"application\/ld+json\" class=\"yoast-schema-graph\">{\"@context\":\"https:\\\/\\\/schema.org\",\"@graph\":[{\"@type\":\"WebPage\",\"@id\":\"https:\\\/\\\/gite-du-misfon.fr\\\/index.php\\\/a-voir\\\/\",\"url\":\"https:\\\/\\\/gite-du-misfon.fr\\\/index.php\\\/a-voir\\\/\",\"name\":\"A voir et \u00e0 d\u00e9couvrir dans les environs... - G\u00eete du Misfon les choses \u00e0 voir dans les environs\",\"isPartOf\":{\"@id\":\"https:\\\/\\\/gite-du-misfon.fr\\\/#website\"},\"primaryImageOfPage\":{\"@id\":\"https:\\\/\\\/gite-du-misfon.fr\\\/index.php\\\/a-voir\\\/#primaryimage\"},\"image\":{\"@id\":\"https:\\\/\\\/gite-du-misfon.fr\\\/index.php\\\/a-voir\\\/#primaryimage\"},\"thumbnailUrl\":\"https:\\\/\\\/gite-du-misfon.fr\\\/wp-content\\\/uploads\\\/2021\\\/07\\\/zoo-LF-300x212.png\",\"datePublished\":\"2020-02-27T15:40:58+00:00\",\"dateModified\":\"2021-07-28T12:54:34+00:00\",\"description\":\"Voici un r\u00e9sum\u00e9 des choses \u00e0 voir \u00e0 proximit\u00e9 du g\u00eete de Misfon, comme les mytiques 24h du Mans, ou pour les plus nostalgiques le Mans Classic...\",\"breadcrumb\":{\"@id\":\"https:\\\/\\\/gite-du-misfon.fr\\\/index.php\\\/a-voir\\\/#breadcrumb\"},\"inLanguage\":\"fr-FR\",\"potentialAction\":[{\"@type\":\"ReadAction\",\"target\":[\"https:\\\/\\\/gite-du-misfon.fr\\\/index.php\\\/a-voir\\\/\"]}]},{\"@type\":\"ImageObject\",\"inLanguage\":\"fr-FR\",\"@id\":\"https:\\\/\\\/gite-du-misfon.fr\\\/index.php\\\/a-voir\\\/#primaryimage\",\"url\":\"https:\\\/\\\/gite-du-misfon.fr\\\/wp-content\\\/uploads\\\/2021\\\/07\\\/zoo-LF.png\",\"contentUrl\":\"https:\\\/\\\/gite-du-misfon.fr\\\/wp-content\\\/uploads\\\/2021\\\/07\\\/zoo-LF.png\",\"width\":1337,\"height\":947},{\"@type\":\"BreadcrumbList\",\"@id\":\"https:\\\/\\\/gite-du-misfon.fr\\\/index.php\\\/a-voir\\\/#breadcrumb\",\"itemListElement\":[{\"@type\":\"ListItem\",\"position\":1,\"name\":\"Home\",\"item\":\"https:\\\/\\\/gite-du-misfon.fr\\\/\"},{\"@type\":\"ListItem\",\"position\":2,\"name\":\"A voir et \u00e0 d\u00e9couvrir dans les environs&#8230;\"}]},{\"@type\":\"WebSite\",\"@id\":\"https:\\\/\\\/gite-du-misfon.fr\\\/#website\",\"url\":\"https:\\\/\\\/gite-du-misfon.fr\\\/\",\"name\":\"G\u00eete du Misfon\",\"description\":\"h\u00e9bergements insolites\",\"potentialAction\":[{\"@type\":\"SearchAction\",\"target\":{\"@type\":\"EntryPoint\",\"urlTemplate\":\"https:\\\/\\\/gite-du-misfon.fr\\\/?s={search_term_string}\"},\"query-input\":{\"@type\":\"PropertyValueSpecification\",\"valueRequired\":true,\"valueName\":\"search_term_string\"}}],\"inLanguage\":\"fr-FR\"}]}<\/script>\n<!-- \/ Yoast SEO plugin. -->","yoast_head_json":{"title":"A voir et \u00e0 d\u00e9couvrir dans les environs... - G\u00eete du Misfon les choses \u00e0 voir dans les environs","description":"Voici un r\u00e9sum\u00e9 des choses \u00e0 voir \u00e0 proximit\u00e9 du g\u00eete de Misfon, comme les mytiques 24h du Mans, ou pour les plus nostalgiques le Mans Classic...","robots":{"index":"index","follow":"follow","max-snippet":"max-snippet:-1","max-image-preview":"max-image-preview:large","max-video-preview":"max-video-preview:-1"},"canonical":"https:\/\/gite-du-misfon.fr\/index.php\/a-voir\/","og_locale":"fr_FR","og_type":"article","og_title":"A voir et \u00e0 d\u00e9couvrir dans les environs... - G\u00eete du Misfon les choses \u00e0 voir dans les environs","og_description":"Voici un r\u00e9sum\u00e9 des choses \u00e0 voir \u00e0 proximit\u00e9 du g\u00eete de Misfon, comme les mytiques 24h du Mans, ou pour les plus nostalgiques le Mans Classic...","og_url":"https:\/\/gite-du-misfon.fr\/index.php\/a-voir\/","og_site_name":"G\u00eete du Misfon","article_modified_time":"2021-07-28T12:54:34+00:00","og_image":[{"url":"https:\/\/gite-du-misfon.fr\/wp-content\/uploads\/2021\/07\/zoo-LF-300x212.png","type":"","width":"","height":""}],"twitter_card":"summary_large_image","twitter_misc":{"Dur\u00e9e de lecture estim\u00e9e":"4 minutes"},"schema":{"@context":"https:\/\/schema.org","@graph":[{"@type":"WebPage","@id":"https:\/\/gite-du-misfon.fr\/index.php\/a-voir\/","url":"https:\/\/gite-du-misfon.fr\/index.php\/a-voir\/","name":"A voir et \u00e0 d\u00e9couvrir dans les environs... - G\u00eete du Misfon les choses \u00e0 voir dans les environs","isPartOf":{"@id":"https:\/\/gite-du-misfon.fr\/#website"},"primaryImageOfPage":{"@id":"https:\/\/gite-du-misfon.fr\/index.php\/a-voir\/#primaryimage"},"image":{"@id":"https:\/\/gite-du-misfon.fr\/index.php\/a-voir\/#primaryimage"},"thumbnailUrl":"https:\/\/gite-du-misfon.fr\/wp-content\/uploads\/2021\/07\/zoo-LF-300x212.png","datePublished":"2020-02-27T15:40:58+00:00","dateModified":"2021-07-28T12:54:34+00:00","description":"Voici un r\u00e9sum\u00e9 des choses \u00e0 voir \u00e0 proximit\u00e9 du g\u00eete de Misfon, comme les mytiques 24h du Mans, ou pour les plus nostalgiques le Mans Classic...","breadcrumb":{"@id":"https:\/\/gite-du-misfon.fr\/index.php\/a-voir\/#breadcrumb"},"inLanguage":"fr-FR","potentialAction":[{"@type":"ReadAction","target":["https:\/\/gite-du-misfon.fr\/index.php\/a-voir\/"]}]},{"@type":"ImageObject","inLanguage":"fr-FR","@id":"https:\/\/gite-du-misfon.fr\/index.php\/a-voir\/#primaryimage","url":"https:\/\/gite-du-misfon.fr\/wp-content\/uploads\/2021\/07\/zoo-LF.png","contentUrl":"https:\/\/gite-du-misfon.fr\/wp-content\/uploads\/2021\/07\/zoo-LF.png","width":1337,"height":947},{"@type":"BreadcrumbList","@id":"https:\/\/gite-du-misfon.fr\/index.php\/a-voir\/#breadcrumb","itemListElement":[{"@type":"ListItem","position":1,"name":"Home","item":"https:\/\/gite-du-misfon.fr\/"},{"@type":"ListItem","position":2,"name":"A voir et \u00e0 d\u00e9couvrir dans les environs&#8230;"}]},{"@type":"WebSite","@id":"https:\/\/gite-du-misfon.fr\/#website","url":"https:\/\/gite-du-misfon.fr\/","name":"G\u00eete du Misfon","description":"h\u00e9bergements insolites","potentialAction":[{"@type":"SearchAction","target":{"@type":"EntryPoint","urlTemplate":"https:\/\/gite-du-misfon.fr\/?s={search_term_string}"},"query-input":{"@type":"PropertyValueSpecification","valueRequired":true,"valueName":"search_term_string"}}],"inLanguage":"fr-FR"}]}},"_links":{"self":[{"href":"https:\/\/gite-du-misfon.fr\/index.php\/wp-json\/wp\/v2\/pages\/161","targetHints":{"allow":["GET"]}}],"collection":[{"href":"https:\/\/gite-du-misfon.fr\/index.php\/wp-json\/wp\/v2\/pages"}],"about":[{"href":"https:\/\/gite-du-misfon.fr\/index.php\/wp-json\/wp\/v2\/types\/page"}],"author":[{"embeddable":true,"href":"https:\/\/gite-du-misfon.fr\/index.php\/wp-json\/wp\/v2\/users\/1"}],"replies":[{"embeddable":true,"href":"https:\/\/gite-du-misfon.fr\/index.php\/wp-json\/wp\/v2\/comments?post=161"}],"version-history":[{"count":32,"href":"https:\/\/gite-du-misfon.fr\/index.php\/wp-json\/wp\/v2\/pages\/161\/revisions"}],"predecessor-version":[{"id":608,"href":"https:\/\/gite-du-misfon.fr\/index.php\/wp-json\/wp\/v2\/pages\/161\/revisions\/608"}],"wp:attachment":[{"href":"https:\/\/gite-du-misfon.fr\/index.php\/wp-json\/wp\/v2\/media?parent=161"}],"curies":[{"name":"wp","href":"https:\/\/api.w.org\/{rel}","templated":true}]}}